{"id":377,"date":"2018-11-27T09:17:08","date_gmt":"2018-11-27T09:17:08","guid":{"rendered":"https:\/\/websitedemos.net\/discover-outdoors\/?page_id=5"},"modified":"2020-01-23T00:29:31","modified_gmt":"2020-01-22T23:29:31","slug":"about","status":"publish","type":"page","link":"https:\/\/dfe.solidnode.de\/de\/about\/","title":{"rendered":"\u00dcber..."},"content":{"rendered":"<div data-elementor-type=\"wp-post\" data-elementor-id=\"377\" class=\"elementor elementor-377\">\n\t\t\t\t\t\t<div class=\"elementor-inner\">\n\t\t\t\t<div class=\"elementor-section-wrap\">\n\t\t\t\t\t\t\t\t\t<section class=\"elementor-section elementor-top-section elementor-element elementor-element-d7d8b56 elementor-section-boxed elementor-section-height-default elementor-section-height-default elementor-invisible\" data-id=\"d7d8b56\" data-element_type=\"section\" data-settings=\"{&quot;background_background&quot;:&quot;classic&quot;,&quot;animation&quot;:&quot;fadeIn&quot;}\">\n\t\t\t\t\t\t\t<div class=\"elementor-background-overlay\"><\/div>\n\t\t\t\t\t\t\t<div class=\"elementor-container elementor-column-gap-default\">\n\t\t\t\t\t\t\t<div class=\"elementor-row\">\n\t\t\t\t\t<div class=\"elementor-column elementor-col-33 elementor-top-column elementor-element elementor-element-fd69444\" data-id=\"fd69444\" data-element_type=\"column\">\n\t\t\t<div class=\"elementor-column-wrap elementor-element-populated\">\n\t\t\t\t\t\t\t<div class=\"elementor-widget-wrap\">\n\t\t\t\t\t\t<div class=\"elementor-element elementor-element-abcc2f2 elementor-invisible elementor-widget elementor-widget-heading\" data-id=\"abcc2f2\" data-element_type=\"widget\" data-settings=\"{&quot;_animation&quot;:&quot;fadeInUp&quot;,&quot;_animation_delay&quot;:200}\" data-widget_type=\"heading.default\">\n\t\t\t\t<div class=\"elementor-widget-container\">\n\t\t\t<h1 class=\"elementor-heading-title elementor-size-default\">\u00dcber...<\/h1>\t\t<\/div>\n\t\t\t\t<\/div>\n\t\t\t\t\t\t<\/div>\n\t\t\t\t\t<\/div>\n\t\t<\/div>\n\t\t\t\t<div class=\"elementor-column elementor-col-33 elementor-top-column elementor-element elementor-element-b3d335b\" data-id=\"b3d335b\" data-element_type=\"column\">\n\t\t\t<div class=\"elementor-column-wrap\">\n\t\t\t\t\t\t\t<div class=\"elementor-widget-wrap\">\n\t\t\t\t\t\t\t\t<\/div>\n\t\t\t\t\t<\/div>\n\t\t<\/div>\n\t\t\t\t<div class=\"elementor-column elementor-col-33 elementor-top-column elementor-element elementor-element-674669b\" data-id=\"674669b\" data-element_type=\"column\">\n\t\t\t<div class=\"elementor-column-wrap\">\n\t\t\t\t\t\t\t<div class=\"elementor-widget-wrap\">\n\t\t\t\t\t\t\t\t<\/div>\n\t\t\t\t\t<\/div>\n\t\t<\/div>\n\t\t\t\t\t\t\t\t<\/div>\n\t\t\t\t\t<\/div>\n\t\t<\/section>\n\t\t\t\t<section class=\"elementor-section elementor-top-section elementor-element elementor-element-5c40d7b elementor-section-boxed elementor-section-height-default elementor-section-height-default\" data-id=\"5c40d7b\" data-element_type=\"section\">\n\t\t\t\t\t\t<div class=\"elementor-container elementor-column-gap-default\">\n\t\t\t\t\t\t\t<div class=\"elementor-row\">\n\t\t\t\t\t<div class=\"elementor-column elementor-col-100 elementor-top-column elementor-element elementor-element-e70afce\" data-id=\"e70afce\" data-element_type=\"column\">\n\t\t\t<div class=\"elementor-column-wrap elementor-element-populated\">\n\t\t\t\t\t\t\t<div class=\"elementor-widget-wrap\">\n\t\t\t\t\t\t<div class=\"elementor-element elementor-element-5a4788d elementor-widget elementor-widget-heading\" data-id=\"5a4788d\" data-element_type=\"widget\" data-widget_type=\"heading.default\">\n\t\t\t\t<div class=\"elementor-widget-container\">\n\t\t\t<h2 class=\"elementor-heading-title elementor-size-default\">\u00dcber Deutsch f\u00fcr Euch<\/h2>\t\t<\/div>\n\t\t\t\t<\/div>\n\t\t\t\t<div class=\"elementor-element elementor-element-6a3a2c1 elementor-widget-divider--view-line elementor-widget elementor-widget-divider\" data-id=\"6a3a2c1\" data-element_type=\"widget\" data-widget_type=\"divider.default\">\n\t\t\t\t<div class=\"elementor-widget-container\">\n\t\t\t\t\t<div class=\"elementor-divider\">\n\t\t\t<span class=\"elementor-divider-separator\">\n\t\t\t\t\t\t<\/span>\n\t\t<\/div>\n\t\t\t\t<\/div>\n\t\t\t\t<\/div>\n\t\t\t\t<section class=\"elementor-section elementor-inner-section elementor-element elementor-element-81de30a elementor-section-boxed elementor-section-height-default elementor-section-height-default\" data-id=\"81de30a\" data-element_type=\"section\">\n\t\t\t\t\t\t<div class=\"elementor-container elementor-column-gap-default\">\n\t\t\t\t\t\t\t<div class=\"elementor-row\">\n\t\t\t\t\t<div class=\"elementor-column elementor-col-50 elementor-inner-column elementor-element elementor-element-556262f\" data-id=\"556262f\" data-element_type=\"column\">\n\t\t\t<div class=\"elementor-column-wrap elementor-element-populated\">\n\t\t\t\t\t\t\t<div class=\"elementor-widget-wrap\">\n\t\t\t\t\t\t<div class=\"elementor-element elementor-element-991add0 elementor-widget elementor-widget-heading\" data-id=\"991add0\" data-element_type=\"widget\" data-widget_type=\"heading.default\">\n\t\t\t\t<div class=\"elementor-widget-container\">\n\t\t\t<h2 class=\"elementor-heading-title elementor-size-default\">Heute und damals<\/h2>\t\t<\/div>\n\t\t\t\t<\/div>\n\t\t\t\t<div class=\"elementor-element elementor-element-cef21c9 elementor-widget elementor-widget-text-editor\" data-id=\"cef21c9\" data-element_type=\"widget\" data-widget_type=\"text-editor.default\">\n\t\t\t\t<div class=\"elementor-widget-container\">\n\t\t\t\t\t\t\t\t<div class=\"elementor-text-editor elementor-clearfix\">\n\t\t\t\t<p>Deutsch f\u00fcr Euch ist ein Deutschlern-Projekt, das auf YouTube begann. Der Kanal wurde Ende 2012 gegr\u00fcndet, das erste Video ging am 6.1.2013 online.<br \/>Seitdem haben DFEs 300+ Episoden insgesamt mehr als 10 Millionen Views auf YouTube generiert und \u00fcnber 200 000 Leute dazu inspiriert, ein Abo abzuschlie\u00dfen - und auf anderen sozialen Medien kamen weitere tausende dazu. Das ist, gelinde gesagt, um einiges mehr, als ich mir ausgemalt habe, als ich dieses \"kleine\" Projekt ins Leben rief. <\/p><p>\u00a0<\/p>\t\t\t\t\t<\/div>\n\t\t\t\t\t\t<\/div>\n\t\t\t\t<\/div>\n\t\t\t\t<div class=\"elementor-element elementor-element-5d2771e elementor-widget elementor-widget-heading\" data-id=\"5d2771e\" data-element_type=\"widget\" data-widget_type=\"heading.default\">\n\t\t\t\t<div class=\"elementor-widget-container\">\n\t\t\t<h2 class=\"elementor-heading-title elementor-size-default\">Grammatik ist geil<\/h2>\t\t<\/div>\n\t\t\t\t<\/div>\n\t\t\t\t<div class=\"elementor-element elementor-element-3bcbb96 elementor-widget elementor-widget-text-editor\" data-id=\"3bcbb96\" data-element_type=\"widget\" data-widget_type=\"text-editor.default\">\n\t\t\t\t<div class=\"elementor-widget-container\">\n\t\t\t\t\t\t\t\t<div class=\"elementor-text-editor elementor-clearfix\">\n\t\t\t\t<p>Mit 8 Jahren auf dem Buckel ist DFE zu einer bunten Mischung kostenloser Lernvideos \u00fcber Deutsch und Deutschland herangewachsen - aber der Hauptfokus sind immer gr\u00fcndliche und dabei verst\u00e4ndliche Grammatikerkl\u00e4rungen geblieben. Ich selbst bin ein analytischer Lerner (\u00dcbersetzung: Ich <em>liebe <\/em>Systeme. Und Listen. Und Dinge, die Sinn ergeben. Und Listen von Dingen, die Sinn- und so weiter.) <br \/>Die meisten Sprachkurse sehen und behandeln Grammatik als etwas, das man m\u00f6glichst schnell hinter sich bringen muss... als ob man sie an Lerner verf\u00fcttern muss, wie Medizin an einen armen Hund. DFE wurde aber mit dem festen Glauben daran geschaffen, dass Grammatik einen viel schlechteren Ruf hat als sie verdient, bei Lehrern wie Lernern. Obwohl einen Grammatik nat\u00fcrlich nicht zum Sprechen bringen wird, macht sie den Unterschied dazwischen, sich nur so \"durchzuf\u00fchlen\" und die Sprache wirklich zu verstehen. Das hat enorme Vorteile, gerade f\u00fcr erwachsene Lerner. Unser Hirn liebt Logik - das sollten wir nutzen! Grammatik ist wie... Sprachmathe.*<\/p>\t\t\t\t\t<\/div>\n\t\t\t\t\t\t<\/div>\n\t\t\t\t<\/div>\n\t\t\t\t<div class=\"elementor-element elementor-element-d27c9a5 elementor-widget elementor-widget-text-editor\" data-id=\"d27c9a5\" data-element_type=\"widget\" data-widget_type=\"text-editor.default\">\n\t\t\t\t<div class=\"elementor-widget-container\">\n\t\t\t\t\t\t\t\t<div class=\"elementor-text-editor elementor-clearfix\">\n\t\t\t\t<p>*Mir ist klar, dass das die Sache f\u00fcr viele sicher nicht besser gemacht (ups!). Darum nochmal anders: Ihr w\u00e4rt erstaunt festzustellen, wie befriedigend es ist, sich einen langen, komplexen Satz anzuschauen und in der Lage zu sein festzustellen, wie jedes einzelne Wort funktioniert, anstatt verzweifelt eine Runde \"wie geht Satz\" zu spielen.<\/p>\t\t\t\t\t<\/div>\n\t\t\t\t\t\t<\/div>\n\t\t\t\t<\/div>\n\t\t\t\t\t\t<\/div>\n\t\t\t\t\t<\/div>\n\t\t<\/div>\n\t\t\t\t<div class=\"elementor-column elementor-col-50 elementor-inner-column elementor-element elementor-element-a4b0eac\" data-id=\"a4b0eac\" data-element_type=\"column\">\n\t\t\t<div class=\"elementor-column-wrap elementor-element-populated\">\n\t\t\t\t\t\t\t<div class=\"elementor-widget-wrap\">\n\t\t\t\t\t\t<div class=\"elementor-element elementor-element-6f4b8ef elementor-widget elementor-widget-heading\" data-id=\"6f4b8ef\" data-element_type=\"widget\" data-widget_type=\"heading.default\">\n\t\t\t\t<div class=\"elementor-widget-container\">\n\t\t\t<h2 class=\"elementor-heading-title elementor-size-default\">Der DFE Stil<\/h2>\t\t<\/div>\n\t\t\t\t<\/div>\n\t\t\t\t<div class=\"elementor-element elementor-element-b3a729a elementor-widget elementor-widget-text-editor\" data-id=\"b3a729a\" data-element_type=\"widget\" data-widget_type=\"text-editor.default\">\n\t\t\t\t<div class=\"elementor-widget-container\">\n\t\t\t\t\t\t\t\t<div class=\"elementor-text-editor elementor-clearfix\">\n\t\t\t\t<p>Einen Gro\u00dfteil meiner eigenen Beherrschung der englischen Sprache schreibe ich meiner Jugend im Internet zu. Ich bin hier quasi aufgewachsen. Daher kommt auch DFEs Stil, der eher an Vlogs und \"typische YouTube-Videos\" erinnert als an Lernvideos. Flachwitze und Jump Cuts - damit ist meine Generation aufgewachsen und das zeigt sich in DFE-Videos. Obwohl das auf alle Episoden zutrifft, bietet sich der Vlogger-Stil vor allem f\u00fcr die Videos an, die ich komplett auf Deutsch mache, um H\u00f6rverst\u00e4ndnis zu trainieren - denn so sehr ich Grammatik auch liebe, Immersion und Auseinandersetzung mit der Sprache \"in Aktion\" sind immer noch die Nummer 1, um eine Sprache flie\u00dfend sprechen zu lernen. Und mit der absoluten Nummer 1 des Lernens hilft es auch: Motivation!<br \/>Die beh\u00e4lt man n\u00e4mlich viel leichter, wenn man den richtigen Immersions-Content findet. Deshalb mache ich ab und zu mal ein Video zur Kultur, den Leuten oder der Geschichte Deutschlands, aber vor allem Storytime Episoden, um das Lernen spa\u00dfig zu halten, wenn einem der Saft f\u00fcr den Tag etwas ausgeht, nachdem man sich durch eine weitere Lektion zu (un)trennbaren Verben gearbeitet hat. <\/p>\t\t\t\t\t<\/div>\n\t\t\t\t\t\t<\/div>\n\t\t\t\t<\/div>\n\t\t\t\t\t\t<\/div>\n\t\t\t\t\t<\/div>\n\t\t<\/div>\n\t\t\t\t\t\t\t\t<\/div>\n\t\t\t\t\t<\/div>\n\t\t<\/section>\n\t\t\t\t\t\t<\/div>\n\t\t\t\t\t<\/div>\n\t\t<\/div>\n\t\t\t\t\t\t\t\t<\/div>\n\t\t\t\t\t<\/div>\n\t\t<\/section>\n\t\t\t\t<section class=\"elementor-section elementor-top-section elementor-element elementor-element-e90a943 elementor-section-boxed elementor-section-height-default elementor-section-height-default\" data-id=\"e90a943\" data-element_type=\"section\" data-settings=\"{&quot;background_background&quot;:&quot;slideshow&quot;,&quot;background_slideshow_gallery&quot;:[],&quot;background_slideshow_loop&quot;:&quot;yes&quot;,&quot;background_slideshow_slide_duration&quot;:5000,&quot;background_slideshow_slide_transition&quot;:&quot;fade&quot;,&quot;background_slideshow_transition_duration&quot;:500}\">\n\t\t\t\t\t\t\t<div class=\"elementor-background-overlay\"><\/div>\n\t\t\t\t\t\t\t<div class=\"elementor-container elementor-column-gap-default\">\n\t\t\t\t\t\t\t<div class=\"elementor-row\">\n\t\t\t\t\t<div class=\"elementor-column elementor-col-100 elementor-top-column elementor-element elementor-element-e03a328\" data-id=\"e03a328\" data-element_type=\"column\">\n\t\t\t<div class=\"elementor-column-wrap elementor-element-populated\">\n\t\t\t\t\t\t\t<div class=\"elementor-widget-wrap\">\n\t\t\t\t\t\t<section class=\"elementor-section elementor-inner-section elementor-element elementor-element-c870126 elementor-section-boxed elementor-section-height-default elementor-section-height-default\" data-id=\"c870126\" data-element_type=\"section\">\n\t\t\t\t\t\t<div class=\"elementor-container elementor-column-gap-default\">\n\t\t\t\t\t\t\t<div class=\"elementor-row\">\n\t\t\t\t\t<div class=\"elementor-column elementor-col-50 elementor-inner-column elementor-element elementor-element-a5db67b\" data-id=\"a5db67b\" data-element_type=\"column\">\n\t\t\t<div class=\"elementor-column-wrap elementor-element-populated\">\n\t\t\t\t\t\t\t<div class=\"elementor-widget-wrap\">\n\t\t\t\t\t\t<div class=\"elementor-element elementor-element-903c186 elementor-widget elementor-widget-heading\" data-id=\"903c186\" data-element_type=\"widget\" data-widget_type=\"heading.default\">\n\t\t\t\t<div class=\"elementor-widget-container\">\n\t\t\t<h4 class=\"elementor-heading-title elementor-size-default\">DFEs zentrale Ideen<\/h4>\t\t<\/div>\n\t\t\t\t<\/div>\n\t\t\t\t<div class=\"elementor-element elementor-element-23d597c elementor-widget-divider--view-line elementor-widget elementor-widget-divider\" data-id=\"23d597c\" data-element_type=\"widget\" data-widget_type=\"divider.default\">\n\t\t\t\t<div class=\"elementor-widget-container\">\n\t\t\t\t\t<div class=\"elementor-divider\">\n\t\t\t<span class=\"elementor-divider-separator\">\n\t\t\t\t\t\t<\/span>\n\t\t<\/div>\n\t\t\t\t<\/div>\n\t\t\t\t<\/div>\n\t\t\t\t<div class=\"elementor-element elementor-element-6d1a71e elementor-widget elementor-widget-text-editor\" data-id=\"6d1a71e\" data-element_type=\"widget\" data-widget_type=\"text-editor.default\">\n\t\t\t\t<div class=\"elementor-widget-container\">\n\t\t\t\t\t\t\t\t<div class=\"elementor-text-editor elementor-clearfix\">\n\t\t\t\t<p>Von Anfang an habe ich DFE um ein paar pers\u00f6nliche Grunds\u00e4tze aufgebaut. Denen wird nicht jeder zustimmen - und das ist okay! In der Schule lernen die meisten von uns, dass es eine ideale Einheitsl\u00f6sung f\u00fcr alle gibt, obwohl Lernmethoden und -vorlieben genauso unterschiedlich und individuell sein k\u00f6nnen wie pers\u00f6nlicher Geschmack. Finde die Methode, die f\u00fcr dich funktioniert und lass dir von niemandem erz\u00e4hlen, dass er es besser wei\u00df (au\u00dfer die Person wei\u00df es wirklich besser. Das kommt vor).<\/p>\t\t\t\t\t<\/div>\n\t\t\t\t\t\t<\/div>\n\t\t\t\t<\/div>\n\t\t\t\t<div class=\"elementor-element elementor-element-f96c87e elementor-icon-list--layout-traditional elementor-list-item-link-full_width elementor-widget elementor-widget-icon-list\" data-id=\"f96c87e\" data-element_type=\"widget\" data-widget_type=\"icon-list.default\">\n\t\t\t\t<div class=\"elementor-widget-container\">\n\t\t\t\t\t<ul class=\"elementor-icon-list-items\">\n\t\t\t\t\t\t\t<li class=\"elementor-icon-list-item\">\n\t\t\t\t\t\t\t\t\t\t\t<span class=\"elementor-icon-list-icon\">\n\t\t\t\t\t\t\t<i aria-hidden=\"true\" class=\"far fa-comment\"><\/i>\t\t\t\t\t\t<\/span>\n\t\t\t\t\t\t\t\t\t\t<span class=\"elementor-icon-list-text\">Familie, Reisen, Arbeit, Sprachliebe - finde eine Motivation, ohne sie lernst du nicht!<\/span>\n\t\t\t\t\t\t\t\t\t<\/li>\n\t\t\t\t\t\t\t\t<li class=\"elementor-icon-list-item\">\n\t\t\t\t\t\t\t\t\t\t\t<span class=\"elementor-icon-list-icon\">\n\t\t\t\t\t\t\t<i aria-hidden=\"true\" class=\"far fa-comment\"><\/i>\t\t\t\t\t\t<\/span>\n\t\t\t\t\t\t\t\t\t\t<span class=\"elementor-icon-list-text\">Dein Hirn liebt Struktur &amp; Logik - das ist Grammatik! Lass uns das nutzen!<\/span>\n\t\t\t\t\t\t\t\t\t<\/li>\n\t\t\t\t\t\t\t\t<li class=\"elementor-icon-list-item\">\n\t\t\t\t\t\t\t\t\t\t\t<span class=\"elementor-icon-list-icon\">\n\t\t\t\t\t\t\t<i aria-hidden=\"true\" class=\"far fa-comment\"><\/i>\t\t\t\t\t\t<\/span>\n\t\t\t\t\t\t\t\t\t\t<span class=\"elementor-icon-list-text\">Immersion ist trotzdem das Wichtigste - auf die Kombination kommt es an.<\/span>\n\t\t\t\t\t\t\t\t\t<\/li>\n\t\t\t\t\t\t\t\t<li class=\"elementor-icon-list-item\">\n\t\t\t\t\t\t\t\t\t\t\t<span class=\"elementor-icon-list-icon\">\n\t\t\t\t\t\t\t<i aria-hidden=\"true\" class=\"far fa-comment\"><\/i>\t\t\t\t\t\t<\/span>\n\t\t\t\t\t\t\t\t\t\t<span class=\"elementor-icon-list-text\">Sprache macht Spa\u00df - genauso wie Wortspiele und bl\u00f6de Witze (zumindest sehe ich das so, deswegen m\u00fcsst ihr jetzt damit leben).<\/span>\n\t\t\t\t\t\t\t\t\t<\/li>\n\t\t\t\t\t\t<\/ul>\n\t\t\t\t<\/div>\n\t\t\t\t<\/div>\n\t\t\t\t\t\t<\/div>\n\t\t\t\t\t<\/div>\n\t\t<\/div>\n\t\t\t\t<div class=\"elementor-column elementor-col-50 elementor-inner-column elementor-element elementor-element-5f4253a\" data-id=\"5f4253a\" data-element_type=\"column\">\n\t\t\t<div class=\"elementor-column-wrap\">\n\t\t\t\t\t\t\t<div class=\"elementor-widget-wrap\">\n\t\t\t\t\t\t\t\t<\/div>\n\t\t\t\t\t<\/div>\n\t\t<\/div>\n\t\t\t\t\t\t\t\t<\/div>\n\t\t\t\t\t<\/div>\n\t\t<\/section>\n\t\t\t\t\t\t<\/div>\n\t\t\t\t\t<\/div>\n\t\t<\/div>\n\t\t\t\t\t\t\t\t<\/div>\n\t\t\t\t\t<\/div>\n\t\t<\/section>\n\t\t\t\t<section class=\"elementor-section elementor-top-section elementor-element elementor-element-f4cae68 elementor-section-boxed elementor-section-height-default elementor-section-height-default\" data-id=\"f4cae68\" data-element_type=\"section\">\n\t\t\t\t\t\t<div class=\"elementor-container elementor-column-gap-default\">\n\t\t\t\t\t\t\t<div class=\"elementor-row\">\n\t\t\t\t\t<div class=\"elementor-column elementor-col-50 elementor-top-column elementor-element elementor-element-e5fdae0\" data-id=\"e5fdae0\" data-element_type=\"column\">\n\t\t\t<div class=\"elementor-column-wrap elementor-element-populated\">\n\t\t\t\t\t\t\t<div class=\"elementor-widget-wrap\">\n\t\t\t\t\t\t<div class=\"elementor-element elementor-element-96b5b53 elementor-widget elementor-widget-image\" data-id=\"96b5b53\" data-element_type=\"widget\" data-widget_type=\"image.default\">\n\t\t\t\t<div class=\"elementor-widget-container\">\n\t\t\t\t\t\t\t\t<div class=\"elementor-image\">\n\t\t\t\t\t\t\t\t\t\t\t\t<img decoding=\"async\" width=\"468\" height=\"485\" src=\"https:\/\/dfe.solidnode.de\/wp-content\/uploads\/2020\/01\/Unbenannt-1.png\" class=\"attachment-large size-large wp-image-506\" alt=\"\" loading=\"lazy\" srcset=\"https:\/\/dfe.solidnode.de\/wp-content\/uploads\/2020\/01\/Unbenannt-1.png 468w, https:\/\/dfe.solidnode.de\/wp-content\/uploads\/2020\/01\/Unbenannt-1-289x300.png 289w\" sizes=\"(max-width: 468px) 100vw, 468px\" \/>\t\t\t\t\t\t\t\t\t\t\t\t\t\t<\/div>\n\t\t\t\t\t\t<\/div>\n\t\t\t\t<\/div>\n\t\t\t\t\t\t<\/div>\n\t\t\t\t\t<\/div>\n\t\t<\/div>\n\t\t\t\t<div class=\"elementor-column elementor-col-50 elementor-top-column elementor-element elementor-element-2ebbf9c\" data-id=\"2ebbf9c\" data-element_type=\"column\">\n\t\t\t<div class=\"elementor-column-wrap elementor-element-populated\">\n\t\t\t\t\t\t\t<div class=\"elementor-widget-wrap\">\n\t\t\t\t\t\t<div class=\"elementor-element elementor-element-fe195c7 elementor-widget elementor-widget-heading\" data-id=\"fe195c7\" data-element_type=\"widget\" data-widget_type=\"heading.default\">\n\t\t\t\t<div class=\"elementor-widget-container\">\n\t\t\t<h2 class=\"elementor-heading-title elementor-size-default\">\u00dcber Katja<\/h2>\t\t<\/div>\n\t\t\t\t<\/div>\n\t\t\t\t<div class=\"elementor-element elementor-element-dc051dd elementor-widget-divider--view-line elementor-widget elementor-widget-divider\" data-id=\"dc051dd\" data-element_type=\"widget\" data-widget_type=\"divider.default\">\n\t\t\t\t<div class=\"elementor-widget-container\">\n\t\t\t\t\t<div class=\"elementor-divider\">\n\t\t\t<span class=\"elementor-divider-separator\">\n\t\t\t\t\t\t<\/span>\n\t\t<\/div>\n\t\t\t\t<\/div>\n\t\t\t\t<\/div>\n\t\t\t\t<div class=\"elementor-element elementor-element-e5f497e elementor-widget elementor-widget-text-editor\" data-id=\"e5f497e\" data-element_type=\"widget\" data-widget_type=\"text-editor.default\">\n\t\t\t\t<div class=\"elementor-widget-container\">\n\t\t\t\t\t\t\t\t<div class=\"elementor-text-editor elementor-clearfix\">\n\t\t\t\t<p>Hallo, Leute!<br \/>Ich bin Katja! DFE ist mein Herzensprojekt, mein \"Baby\", wie man so gerne sagt. Seit 8 Jahren schreibe, filme, editiere und... mache ich (fast) alles selbst. Ich bin in Deutschland geboren und aufgewachsen, habe aber einen wesentlichen Teil meiner Jugend an einem ganz anderen Ort verbracht: dem Internet! Ich - so wie viele andere nerdige Teenager - habe eine Menge Englisch durch Anime und YouTube gelernt, sowie durch amerikanisches und britisches Stand-Up. Daneben habe ich meinen Lernfortschritt sicher auch meiner inh\u00e4renten Liebe zu Sprachen zu verdanken - genauso wie die Tatsache, dass sie mich dazu inspiriert hat, mit DFE anzufangen.<\/p>\t\t\t\t\t<\/div>\n\t\t\t\t\t\t<\/div>\n\t\t\t\t<\/div>\n\t\t\t\t<div class=\"elementor-element elementor-element-5dcd18a elementor-widget elementor-widget-text-editor\" data-id=\"5dcd18a\" data-element_type=\"widget\" data-widget_type=\"text-editor.default\">\n\t\t\t\t<div class=\"elementor-widget-container\">\n\t\t\t\t\t\t\t\t<div class=\"elementor-text-editor elementor-clearfix\">\n\t\t\t\t<p>Seit diesen Tagen, in denen ich das Internet Schritt f\u00fcr Schritt, m\u00fchsam auf Englisch f\u00fcr mich entdeckt habe, habe ich noch 3 weitere Sprachen gelernt - Russisch, Franz\u00f6sisch und Japanisch - und sammle mir nebenher immer mal St\u00fcckchen von anderen auf (ich kann sogar ein paar W\u00f6rter &amp; Phrasen auf Wolof!)\n...ehrlich gesagt w\u00fcnschte ich, ich k\u00f6nnte sie alle irgendwann lernen, aber - alles zu seiner Zeit, sch\u00e4tze ich!<\/p><p>Abgesehen von DFE hat mich in den letzten Jahren vor allem mein Studium besch\u00e4ftigt gehalten. Ich habe drei F\u00e4cher auf Lehramt studiert - und Linguistik war bei zwei davon immer ein wichtiger Teil. Diese beiden gro\u00dfen Verantwortungen zu koordinieren kann manchmal ganz sch\u00f6n ersch\u00f6pfend sein - aber mir macht beides zu viel Spa\u00df, um eins aufzugeben. Ich glaube fest daran, dass man etwas finden muss, das einen motiviert und daran, Dinge durchzuziehen! Denn gerade das ist auch wichtig, wenn man eine Sprache lernt :)<\/p>\t\t\t\t\t<\/div>\n\t\t\t\t\t\t<\/div>\n\t\t\t\t<\/div>\n\t\t\t\t<div class=\"elementor-element elementor-element-c1e4034 elementor-widget elementor-widget-text-editor\" data-id=\"c1e4034\" data-element_type=\"widget\" data-widget_type=\"text-editor.default\">\n\t\t\t\t<div class=\"elementor-widget-container\">\n\t\t\t\t\t\t\t\t<div class=\"elementor-text-editor elementor-clearfix\">\n\t\t\t\t<p>*everything in good time<\/p>\t\t\t\t\t<\/div>\n\t\t\t\t\t\t<\/div>\n\t\t\t\t<\/div>\n\t\t\t\t\t\t<\/div>\n\t\t\t\t\t<\/div>\n\t\t<\/div>\n\t\t\t\t\t\t\t\t<\/div>\n\t\t\t\t\t<\/div>\n\t\t<\/section>\n\t\t\t\t<section class=\"elementor-section elementor-top-section elementor-element elementor-element-494ef65 elementor-section-boxed elementor-section-height-default elementor-section-height-default\" data-id=\"494ef65\" data-element_type=\"section\">\n\t\t\t\t\t\t<div class=\"elementor-container elementor-column-gap-default\">\n\t\t\t\t\t\t\t<div class=\"elementor-row\">\n\t\t\t\t\t<div class=\"elementor-column elementor-col-100 elementor-top-column elementor-element elementor-element-14ad318\" data-id=\"14ad318\" data-element_type=\"column\">\n\t\t\t<div class=\"elementor-column-wrap\">\n\t\t\t\t\t\t\t<div class=\"elementor-widget-wrap\">\n\t\t\t\t\t\t\t\t<\/div>\n\t\t\t\t\t<\/div>\n\t\t<\/div>\n\t\t\t\t\t\t\t\t<\/div>\n\t\t\t\t\t<\/div>\n\t\t<\/section>\n\t\t\t\t\t\t\t\t\t<\/div>\n\t\t\t<\/div>\n\t\t\t\t\t<\/div>","protected":false},"excerpt":{"rendered":"<p>About About Deutsch f\u00fcr Euch then and now Deutsch f\u00fcr Euch is a YouTube-based teaching project for German. The channel was founded in late 2012, with its first video going live on January 6th, 2013.Since then, DFE&#8217;s 300+ episodes have gathered a total of over 10 million views on YouTube and inspired more than 200.000 &hellip;<\/p>\n<p class=\"read-more\"> <a class=\"\" href=\"https:\/\/dfe.solidnode.de\/de\/about\/\"> <span class=\"screen-reader-text\">\u00dcber...<\/span> Weiterlesen &raquo;<\/a><\/p>","protected":false},"author":1,"featured_media":0,"parent":0,"menu_order":0,"comment_status":"closed","ping_status":"closed","template":"","meta":{"site-sidebar-layout":"no-sidebar","site-content-layout":"page-builder","ast-global-header-display":"","ast-main-header-display":"","ast-hfb-above-header-display":"","ast-hfb-below-header-display":"","ast-hfb-mobile-header-display":"","site-post-title":"disabled","ast-breadcrumbs-content":"","ast-featured-img":"disabled","footer-sml-layout":"","theme-transparent-header-meta":"enabled","adv-header-id-meta":"","stick-header-meta":"","header-above-stick-meta":"","header-main-stick-meta":"","header-below-stick-meta":""},"_links":{"self":[{"href":"https:\/\/dfe.solidnode.de\/de\/wp-json\/wp\/v2\/pages\/377"}],"collection":[{"href":"https:\/\/dfe.solidnode.de\/de\/wp-json\/wp\/v2\/pages"}],"about":[{"href":"https:\/\/dfe.solidnode.de\/de\/wp-json\/wp\/v2\/types\/page"}],"author":[{"embeddable":true,"href":"https:\/\/dfe.solidnode.de\/de\/wp-json\/wp\/v2\/users\/1"}],"replies":[{"embeddable":true,"href":"https:\/\/dfe.solidnode.de\/de\/wp-json\/wp\/v2\/comments?post=377"}],"version-history":[{"count":39,"href":"https:\/\/dfe.solidnode.de\/de\/wp-json\/wp\/v2\/pages\/377\/revisions"}],"predecessor-version":[{"id":651,"href":"https:\/\/dfe.solidnode.de\/de\/wp-json\/wp\/v2\/pages\/377\/revisions\/651"}],"wp:attachment":[{"href":"https:\/\/dfe.solidnode.de\/de\/wp-json\/wp\/v2\/media?parent=377"}],"curies":[{"name":"wp","href":"https:\/\/api.w.org\/{rel}","templated":true}]}}